 {"id":734,"date":"2013-04-01T15:37:54","date_gmt":"2013-04-01T15:37:54","guid":{"rendered":"http:\/\/www.kriesi.at\/themes\/enfold\/?page_id=734"},"modified":"2015-05-10T09:21:50","modified_gmt":"2015-05-10T09:21:50","slug":"home-6","status":"publish","type":"page","link":"https:\/\/stingprevent.ro\/","title":{"rendered":"Home"},"content":{"rendered":"<div id='layer_slider_1' class='avia-layerslider main_color avia-shadow  container_wrap fullsize'    style='height: 451px;' ><script data-cfasync=\"false\" type=\"text\/javascript\">var lsjQuery = jQuery;<\/script><script data-cfasync=\"false\" type=\"text\/javascript\"> lsjQuery(document).ready(function() { if(typeof lsjQuery.fn.layerSlider == \"undefined\") { lsShowNotice('layerslider_1','jquery'); } else { lsjQuery(\"#layerslider_1\").layerSlider({responsive: false, responsiveUnder: 940, layersContainer: 940, pauseOnHover: false, navStartStop: false, showCircleTimer: false, skinsPath: 'http:\/\/stingprevent.ro\/wp-content\/plugins\/LayerSlider\/static\/skins\/'}) } }); <\/script><div class=\"ls-wp-fullwidth-container\" style=\"height:450px;\"><div class=\"ls-wp-fullwidth-helper\"><div id=\"layerslider_1\" class=\"ls-wp-container\" style=\"width:100%;height:450px;margin:0 auto;margin-bottom: 0px;\"><div class=\"ls-slide\" data-ls=\"transition2d:1;\"><img src=\"https:\/\/stingprevent.ro\/wp-content\/plugins\/LayerSlider\/static\/img\/blank.gif\" data-src=\"https:\/\/stingprevent.ro\/wp-content\/uploads\/2015\/03\/slide-1.jpg\" class=\"ls-bg\" alt=\"stingatoare portabile cu spuma mecanica\" \/><h1 class=\"ls-l\" style=\"top:61px;left:-38px;box-shadow: 0px 4px 10px -5px black; text-shadow: none; font-weight: normal; opacity: .75; width:320px; text-align:center;padding-top:10px;padding-right:10%;padding-bottom:10px;padding-left:10%;color:#ffffff;background:black;white-space: nowrap;\" data-ls=\"offsetxin:450;durationin:700;easingin:easeInSine;offsetxout:-100;showuntil:3000;easingout:easeOutSine;\">Sisteme de stingere<\/h1><\/div><div class=\"ls-slide\" data-ls=\"transition2d:1;\"><img src=\"https:\/\/stingprevent.ro\/wp-content\/plugins\/LayerSlider\/static\/img\/blank.gif\" data-src=\"https:\/\/stingprevent.ro\/wp-content\/uploads\/2015\/03\/slide-3.jpg\" class=\"ls-bg\" alt=\"slide 3\" \/><h1 class=\"ls-l\" style=\"top:61px;left:-38px;box-shadow: 0px 4px 10px -5px black; text-shadow: none; font-weight: normal; opacity: .75; width:600px; text-align: center;padding-top:10px;padding-right:20%;padding-bottom:10px;padding-left:20%;color:#ffffff;background:black;white-space: nowrap;\" data-ls=\"offsetxin:450;durationin:700;easingin:easeInSine;offsetxout:-100;showuntil:3000;easingout:easeOutSine;\">Reparatii, verificari si incarcari stingatoare<\/h1><\/div><div class=\"ls-slide\" data-ls=\"transition2d:1;\"><img src=\"https:\/\/stingprevent.ro\/wp-content\/plugins\/LayerSlider\/static\/img\/blank.gif\" data-src=\"\/wp-content\/uploads\/2015\/05\/slide-4.jpg\" class=\"ls-bg\" alt=\"Slide background\" \/><h1 class=\"ls-l\" style=\"top:61px;left:-38px;box-shadow: 0px 4px 10px -5px black; text-shadow: none; font-weight: normal; opacity: .75; width:320px; text-align:center;padding-top:10px;padding-right:68px;padding-bottom:10px;padding-left:40px;color:#ffffff;background:black;white-space: nowrap;\" data-ls=\"offsetxin:450;durationin:700;easingin:easeInSine;offsetxout:-100;showuntil:3000;easingout:easeOutSine;\">Echipamente PSI si Hidranti<\/h1><\/div><\/div><\/div><\/div><\/div>\n<div class=\"flex_column av_one_third first  \"><p><div class='avia-image-container  av-styling- av-hover-grow  avia-align-center '  itemscope=\"itemscope\" itemtype=\"https:\/\/schema.org\/ImageObject\"  ><div class='avia-image-container-inner'><img class='avia_image ' src='https:\/\/stingprevent.ro\/wp-content\/uploads\/2015\/03\/reparatii.png' alt='reparatii stingatoare' title='reparatii'   itemprop=\"contentURL\"  \/><\/div><\/div><br \/>\n<section class=\"av_textblock_section\"  itemscope=\"itemscope\" itemtype=\"https:\/\/schema.org\/CreativeWork\" ><div class='avia_textblock '   itemprop=\"text\" ><p><strong>Service autorizat \u2013 verific\u0103m \u0219i repar\u0103m orice tip de sting\u0103tor. Toate opera\u021biile sunt efectuate de personal autorizat.<\/strong><\/p>\n<\/div><\/section><\/p><\/div>\n<div class=\"flex_column av_one_third   \"><p><div class='avia-image-container  av-styling-   avia-align-center '  itemscope=\"itemscope\" itemtype=\"https:\/\/schema.org\/ImageObject\"  ><div class='avia-image-container-inner'><img class='avia_image ' src='https:\/\/stingprevent.ro\/wp-content\/uploads\/2015\/03\/consultanta.png' alt='servicii de consultanta' title='consultanta'   itemprop=\"contentURL\"  \/><\/div><\/div><br \/>\n<section class=\"av_textblock_section\"  itemscope=\"itemscope\" itemtype=\"https:\/\/schema.org\/CreativeWork\" ><div class='avia_textblock '   itemprop=\"text\" ><p><strong>Oferim servicii de consultan\u021b\u0103 tehnic\u0103 \u00een privin\u021ba protec\u021biei \u00eempotriva incendiilor, \u00een conformitate cu actele normative \u00een vigoare.<\/strong><\/p>\n<\/div><\/section><\/p><\/div>\n<div class=\"flex_column av_one_third   \"><p><div class='avia-image-container  av-styling-   avia-align-center '  itemscope=\"itemscope\" itemtype=\"https:\/\/schema.org\/ImageObject\"  ><div class='avia-image-container-inner'><img class='avia_image ' src='https:\/\/stingprevent.ro\/wp-content\/uploads\/2015\/03\/stingator.png' alt='stingator' title='stingator'   itemprop=\"contentURL\"  \/><\/div><\/div><br \/>\n<section class=\"av_textblock_section\"  itemscope=\"itemscope\" itemtype=\"https:\/\/schema.org\/CreativeWork\" ><div class='avia_textblock '   itemprop=\"text\" ><p><strong>Exper\u021bii no\u0219tri califica\u021bi sunt gata oric\u00e2nd\u00a0pentru a \u00eenc\u0103rca rapid orice tip de sting\u0103tor. Nu ezita\u021bi s\u0103 ne contacta\u021bi !<\/strong><\/p>\n<\/div><\/section><\/p><\/div>\n<\/div><\/div><\/div><!-- close content main div --><\/div><\/div><div id='av_section_1' class='avia-section alternate_color avia-section-large avia-shadow avia-bg-style-scroll  container_wrap fullsize'   ><div class='container' ><div class='template-page content  av-content-full alpha units'><div class='post-entry post-entry-type-page post-entry-734'><div class='entry-content-wrapper clearfix'>\n<div class=\"flex_column av_one_half first  \"><section class=\"av_textblock_section\"  itemscope=\"itemscope\" itemtype=\"https:\/\/schema.org\/CreativeWork\" ><div class='avia_textblock '   itemprop=\"text\" ><h2 style=\"text-align: right;\">Despre Noi<\/h2>\n<\/div><\/section><br \/>\n<div  class='hr hr-short hr-right '><span class='hr-inner ' ><span class='hr-inner-style'><\/span><\/span><\/div><br \/>\n<section class=\"av_textblock_section\"  itemscope=\"itemscope\" itemtype=\"https:\/\/schema.org\/CreativeWork\" ><div class='avia_textblock '   itemprop=\"text\" ><p style=\"text-align: right;\"><strong>Sting Prevent<\/strong>\u00a0comercializeaza\u00a0stingatoare, produse si servicii PSI.<\/p>\n<p style=\"text-align: right;\">Va oferim servicii de mentenanta si service (reparatii, incarcari si verificari) pentru toate tipurile de stingatoare.<\/p>\n<p style=\"text-align: right;\">Personalul nostru calificat, cu o experienta de 17 ani in domeniu, va ofera cnsultanta pentru dotarea cu mijloace de prima interventie, in conformitate cu normele legale de prevenire si stingere a incendiilor.<\/p>\n<\/div><\/section><br \/>\n<div  class='hr hr-short hr-right '><span class='hr-inner ' ><span class='hr-inner-style'><\/span><\/span><\/div><br \/>\n<section class=\"av_textblock_section\"  itemscope=\"itemscope\" itemtype=\"https:\/\/schema.org\/CreativeWork\" ><div class='avia_textblock  av_inherit_color'  style='font-size:16px; color:#435960; '  itemprop=\"text\" ><p style=\"text-align: right;\"><strong>Oferim livrare la domiciliul clientului.<\/strong><\/p>\n<\/div><\/section><\/p><\/div><div class=\"flex_column av_one_half   \"><div class='avia-icon-list-container '><ul class='avia-icon-list avia-icon-list-left avia_animate_when_almost_visible'>\n<li><div  class='iconlist_icon avia-font-fontello'><span class='iconlist-char' aria-hidden='true' data-av_icon='\ue800' data-av_iconfont='fontello'><\/span><\/div><article class=\"article-icon-entry \"  itemscope=\"itemscope\" itemtype=\"https:\/\/schema.org\/CreativeWork\" ><div class='iconlist_content_wrap'><header class=\"entry-content-header\"><h4 class='iconlist_title'  itemprop=\"headline\"  >Stingatoare<\/h4><\/header><div class='iconlist_content '  itemprop=\"text\"  ><p>Verificare, reparare si incarcare stingatoare.<\/p>\n<\/div><\/div><footer class=\"entry-footer\"><\/footer><\/article><div class='iconlist-timeline'><\/div><\/li>\n<li><div  class='iconlist_icon avia-font-entypo-fontello'><span class='iconlist-char' aria-hidden='true' data-av_icon='\ue855' data-av_iconfont='entypo-fontello'><\/span><\/div><article class=\"article-icon-entry \"  itemscope=\"itemscope\" itemtype=\"https:\/\/schema.org\/CreativeWork\" ><div class='iconlist_content_wrap'><header class=\"entry-content-header\"><h4 class='iconlist_title'  itemprop=\"headline\"  >Instalatii de Stingere cu Hidranti<\/h4><\/header><div class='iconlist_content '  itemprop=\"text\"  ><p>Mentenanta trimestriala\/anuala la hidranti, vane si robineti.<\/p>\n<\/div><\/div><footer class=\"entry-footer\"><\/footer><\/article><div class='iconlist-timeline'><\/div><\/li>\n<li><div  class='iconlist_icon avia-font-entypo-fontello'><span class='iconlist-char' aria-hidden='true' data-av_icon='\ue855' data-av_iconfont='entypo-fontello'><\/span><\/div><article class=\"article-icon-entry \"  itemscope=\"itemscope\" itemtype=\"https:\/\/schema.org\/CreativeWork\" ><div class='iconlist_content_wrap'><header class=\"entry-content-header\"><h4 class='iconlist_title'  itemprop=\"headline\"  >Instalatii de Stingere cu CO2 sau INERGEN<\/h4><\/header><div class='iconlist_content '  itemprop=\"text\"  ><p>Menenanta trimestriala\/anuala la instalatii de stingere cu CO2 sau INERGEN.<\/p>\n<\/div><\/div><footer class=\"entry-footer\"><\/footer><\/article><div class='iconlist-timeline'><\/div><\/li>\n<li><div  class='iconlist_icon avia-font-entypo-fontello'><span class='iconlist-char' aria-hidden='true' data-av_icon='\ue855' data-av_iconfont='entypo-fontello'><\/span><\/div><article class=\"article-icon-entry \"  itemscope=\"itemscope\" itemtype=\"https:\/\/schema.org\/CreativeWork\" ><div class='iconlist_content_wrap'><header class=\"entry-content-header\"><h4 class='iconlist_title'  itemprop=\"headline\"  >Instalatii de Stingere Tip Sprinkler<\/h4><\/header><div class='iconlist_content '  itemprop=\"text\"  ><p>Menenanta lunara\/trimestriala\/anuala la instalatii de stingere de tip sprinkler.<\/p>\n<\/div><\/div><footer class=\"entry-footer\"><\/footer><\/article><div class='iconlist-timeline'><\/div><\/li>\n<li><div  class='iconlist_icon avia-font-entypo-fontello'><span class='iconlist-char' aria-hidden='true' data-av_icon='\ue855' data-av_iconfont='entypo-fontello'><\/span><\/div><article class=\"article-icon-entry \"  itemscope=\"itemscope\" itemtype=\"https:\/\/schema.org\/CreativeWork\" ><div class='iconlist_content_wrap'><header class=\"entry-content-header\"><h4 class='iconlist_title'  itemprop=\"headline\"  >Instalatii de Stingere cu Spuma<\/h4><\/header><div class='iconlist_content '  itemprop=\"text\"  ><p>Mentenanta trimestriala\/anuala la instalatii de stingere cu spuma.<\/p>\n<\/div><\/div><footer class=\"entry-footer\"><\/footer><\/article><div class='iconlist-timeline'><\/div><\/li>\n<li><div  class='iconlist_icon avia-font-fontello'><span class='iconlist-char' aria-hidden='true' data-av_icon='\ue801' data-av_iconfont='fontello'><\/span><\/div><article class=\"article-icon-entry \"  itemscope=\"itemscope\" itemtype=\"https:\/\/schema.org\/CreativeWork\" ><div class='iconlist_content_wrap'><header class=\"entry-content-header\"><h4 class='iconlist_title'  itemprop=\"headline\"  >Ignifugari<\/h4><\/header><div class='iconlist_content '  itemprop=\"text\"  ><p>Executam ignifugari si tratari insecto-fungicide ale lemnului si ignifugari ale materialelor textile cu utilaje profesionale.<\/p>\n<\/div><\/div><footer class=\"entry-footer\"><\/footer><\/article><div class='iconlist-timeline'><\/div><\/li>\n<\/ul><\/div><\/div><\/div><\/div><\/div><!-- close content main div --><\/div><\/div><div id='av_section_2' class='avia-section main_color avia-section-large avia-shadow avia-bg-style-scroll  container_wrap fullsize'   ><div class='container' ><div class='template-page content  av-content-full alpha units'><div class='post-entry post-entry-type-page post-entry-734'><div class='entry-content-wrapper clearfix'>\n<section class=\"av_textblock_section\"  itemscope=\"itemscope\" itemtype=\"https:\/\/schema.org\/CreativeWork\" ><div class='avia_textblock '   itemprop=\"text\" ><h2 style=\"text-align: center;\">Ce Spun Clientii Nostri<\/h2>\n<\/div><\/section>\n<div  class='hr hr-short hr-center '><span class='hr-inner ' ><span class='hr-inner-style'><\/span><\/span><\/div>\n<div  data-autoplay='1'  data-interval='5'  data-animation='fade'  data-hoverpause='1'  class='avia-testimonial-wrapper avia-grid-testimonials avia-grid-2-testimonials avia_animate_when_almost_visible '>\n<section class ='avia-testimonial-row'><div class='avia-testimonial av_one_half flex_column no_margin avia-testimonial-row-1 avia-first-testimonial'  itemscope=\"itemscope\" itemtype=\"https:\/\/schema.org\/Person\" ><div class='avia-testimonial_inner'><div class='avia-testimonial-image'  itemprop=\"image\" ><img width=\"64\" height=\"64\" src=\"https:\/\/stingprevent.ro\/wp-content\/uploads\/2013\/04\/office-worker2.png\" class=\"attachment-square size-square\" alt=\"Horia Nita\" decoding=\"async\" loading=\"lazy\" srcset=\"https:\/\/stingprevent.ro\/wp-content\/uploads\/2013\/04\/office-worker2.png 64w, https:\/\/stingprevent.ro\/wp-content\/uploads\/2013\/04\/office-worker2-36x36.png 36w\" sizes=\"(max-width: 64px) 100vw, 64px\" \/><\/div><div class='avia-testimonial-content '    itemscope=\"itemscope\" itemtype=\"https:\/\/schema.org\/CreativeWork\" ><p>Foarte multumit ! Am beneficiat de serviciile Sting Prevent pentru amenajarea noului sediu, din punct de vedere al protectiei impotriva incendiilor.<\/p>\n<\/div><div class='avia-testimonial-meta'><div class='avia-testimonial-arrow-wrap'><div class='avia-arrow'><\/div><\/div><div class='avia-testimonial-meta-mini'><strong  class='avia-testimonial-name'    itemprop=\"name\" >Horia Nita<\/strong><span  class='avia-testimonial-subtitle '    itemprop=\"jobTitle\" >RH Pattern Media<\/span><\/div><\/div><\/div><\/div>\n<div class='avia-testimonial av_one_half flex_column no_margin avia-testimonial-row-1 avia-last-testimonial'  itemscope=\"itemscope\" itemtype=\"https:\/\/schema.org\/Person\" ><div class='avia-testimonial_inner'><div class='avia-testimonial-image'  itemprop=\"image\" ><img width=\"64\" height=\"64\" src=\"https:\/\/stingprevent.ro\/wp-content\/uploads\/2013\/04\/user194.png\" class=\"attachment-square size-square\" alt=\"Mihnea Ionut\" decoding=\"async\" loading=\"lazy\" srcset=\"https:\/\/stingprevent.ro\/wp-content\/uploads\/2013\/04\/user194.png 64w, https:\/\/stingprevent.ro\/wp-content\/uploads\/2013\/04\/user194-36x36.png 36w\" sizes=\"(max-width: 64px) 100vw, 64px\" \/><\/div><div class='avia-testimonial-content '    itemscope=\"itemscope\" itemtype=\"https:\/\/schema.org\/CreativeWork\" ><p>Beneficiez regulat de serviciile lor\u00a0pentru mentenanta stingatoarelor din sediul firmei. Recomand !<\/p>\n<\/div><div class='avia-testimonial-meta'><div class='avia-testimonial-arrow-wrap'><div class='avia-arrow'><\/div><\/div><div class='avia-testimonial-meta-mini'><strong  class='avia-testimonial-name'    itemprop=\"name\" >Mihnea Ionut<\/strong><span  class='avia-testimonial-subtitle '    itemprop=\"jobTitle\" >Administrator Montgomery<\/span><\/div><\/div><\/div><\/div><\/section>\n<section class ='avia-testimonial-row'><div class='avia-testimonial av_one_half flex_column no_margin avia-testimonial-row-2 avia-first-testimonial'  itemscope=\"itemscope\" itemtype=\"https:\/\/schema.org\/Person\" ><div class='avia-testimonial_inner'><div class='avia-testimonial-image'  itemprop=\"image\" ><img width=\"64\" height=\"64\" src=\"https:\/\/stingprevent.ro\/wp-content\/uploads\/2013\/04\/woman139.png\" class=\"attachment-square size-square\" alt=\"Carmen Avram\" decoding=\"async\" loading=\"lazy\" srcset=\"https:\/\/stingprevent.ro\/wp-content\/uploads\/2013\/04\/woman139.png 64w, https:\/\/stingprevent.ro\/wp-content\/uploads\/2013\/04\/woman139-36x36.png 36w\" sizes=\"(max-width: 64px) 100vw, 64px\" \/><\/div><div class='avia-testimonial-content '    itemscope=\"itemscope\" itemtype=\"https:\/\/schema.org\/CreativeWork\" ><p>Ii recomand cu caldura pe baietii de la Sting Prevent. Ma ajuta tot timpul cand am nevoie si se misca foarte repede.<\/p>\n<\/div><div class='avia-testimonial-meta'><div class='avia-testimonial-arrow-wrap'><div class='avia-arrow'><\/div><\/div><div class='avia-testimonial-meta-mini'><strong  class='avia-testimonial-name'    itemprop=\"name\" >Carmen Avram<\/strong><span  class='avia-testimonial-subtitle '    itemprop=\"jobTitle\" >Proprietar Magazin Alimentar<\/span><\/div><\/div><\/div><\/div>\n<div class='avia-testimonial av_one_half flex_column no_margin avia-testimonial-row-2 avia-last-testimonial'  itemscope=\"itemscope\" itemtype=\"https:\/\/schema.org\/Person\" ><div class='avia-testimonial_inner'><div class='avia-testimonial-image'  itemprop=\"image\" ><img width=\"64\" height=\"64\" src=\"https:\/\/stingprevent.ro\/wp-content\/uploads\/2013\/04\/business64.png\" class=\"attachment-square size-square\" alt=\"Elena M.\" decoding=\"async\" loading=\"lazy\" srcset=\"https:\/\/stingprevent.ro\/wp-content\/uploads\/2013\/04\/business64.png 64w, https:\/\/stingprevent.ro\/wp-content\/uploads\/2013\/04\/business64-36x36.png 36w\" sizes=\"(max-width: 64px) 100vw, 64px\" \/><\/div><div class='avia-testimonial-content '    itemscope=\"itemscope\" itemtype=\"https:\/\/schema.org\/CreativeWork\" ><p>Mi-au castigat increderea cei de la Sting Prevent, in frunte cu Marian. Seriozitate maxima si livrare imediata.<\/p>\n<\/div><div class='avia-testimonial-meta'><div class='avia-testimonial-arrow-wrap'><div class='avia-arrow'><\/div><\/div><div class='avia-testimonial-meta-mini'><strong  class='avia-testimonial-name'    itemprop=\"name\" >Elena M.<\/strong><span  class='avia-testimonial-subtitle '    itemprop=\"jobTitle\" >Proprietar Fabrica Mobila<\/span><\/div><\/div><\/div><\/div><\/section>\n<\/div>\n<\/p>\n","protected":false},"excerpt":{"rendered":"<p>This is a Page excerpt. It will be displayed for search results<\/p>\n","protected":false},"author":1,"featured_media":0,"parent":0,"menu_order":0,"comment_status":"open","ping_status":"closed","template":"","meta":[],"_links":{"self":[{"href":"https:\/\/stingprevent.ro\/index.php?rest_route=\/wp\/v2\/pages\/734"}],"collection":[{"href":"https:\/\/stingprevent.ro\/index.php?rest_route=\/wp\/v2\/pages"}],"about":[{"href":"https:\/\/stingprevent.ro\/index.php?rest_route=\/wp\/v2\/types\/page"}],"author":[{"embeddable":true,"href":"https:\/\/stingprevent.ro\/index.php?rest_route=\/wp\/v2\/users\/1"}],"replies":[{"embeddable":true,"href":"https:\/\/stingprevent.ro\/index.php?rest_route=%2Fwp%2Fv2%2Fcomments&post=734"}],"version-history":[{"count":29,"href":"https:\/\/stingprevent.ro\/index.php?rest_route=\/wp\/v2\/pages\/734\/revisions"}],"predecessor-version":[{"id":3361,"href":"https:\/\/stingprevent.ro\/index.php?rest_route=\/wp\/v2\/pages\/734\/revisions\/3361"}],"wp:attachment":[{"href":"https:\/\/stingprevent.ro\/index.php?rest_route=%2Fwp%2Fv2%2Fmedia&parent=734"}],"curies":[{"name":"wp","href":"https:\/\/api.w.org\/{rel}","templated":true}]}}